{"id":443,"date":"2016-03-18T14:37:43","date_gmt":"2016-03-18T13:37:43","guid":{"rendered":"https:\/\/www.vanherwijnen-zaltbommel.nl\/de\/over-ons\/"},"modified":"2016-03-18T16:16:46","modified_gmt":"2016-03-18T15:16:46","slug":"uber-uns","status":"publish","type":"page","link":"https:\/\/www.vanherwijnen-zaltbommel.nl\/de\/uber-uns\/","title":{"rendered":"Van Herwijnen Zaltbommel B.V."},"content":{"rendered":"<div class=\"flex_column av_one_full  flex_column_div av-zero-column-padding first  \" style='border-radius:0px; '><section class=\"av_textblock_section \"  itemscope=\"itemscope\" itemtype=\"https:\/\/schema.org\/CreativeWork\" ><div class='avia_textblock  '   itemprop=\"text\" ><h2>Van Herwijnen Zaltbommel B.V.<\/h2>\n<\/div><\/section><\/div><div class=\"flex_column av_one_third  flex_column_div av-zero-column-padding first  \" style='border-radius:0px; '><div class='avia-image-container  av-styling-no-styling    avia-align-left '  itemprop=\"ImageObject\" itemscope=\"itemscope\" itemtype=\"https:\/\/schema.org\/ImageObject\"  ><div class='avia-image-container-inner'><a href='https:\/\/www.vanherwijnen-zaltbommel.nl\/wp-content\/uploads\/2016\/03\/over-ons-e1390314693156.jpg' class='avia_image'  ><img class='avia_image ' src='https:\/\/www.vanherwijnen-zaltbommel.nl\/wp-content\/uploads\/2016\/03\/over-ons-e1390314693156.jpg' alt='over-ons' title='over-ons'  itemprop=\"thumbnailUrl\"  \/><\/a><\/div><\/div><\/div><\/p>\n<div class=\"flex_column av_two_third  flex_column_div av-zero-column-padding   \" style='border-radius:0px; '><section class=\"av_textblock_section \"  itemscope=\"itemscope\" itemtype=\"https:\/\/schema.org\/CreativeWork\" ><div class='avia_textblock  '   itemprop=\"text\" ><p><strong>Geschichte<\/strong><br \/>\nDie Firma Van Herwijnen BV ist schon seit \u00fcber 50 Jahren ein traditionelles Familienunternehmen, vom Vater an den Sohn weitergegeben.<\/p>\n<p><strong>Gr\u00fcndung<\/strong><br \/>\nSie finden uns in der Unieweg 4\u00a0in Zaltbommel, im Bommelerwaard gelegen. Zentral in den Niederlanden und na an\u00a0der Autobahn A2 gelegen, erm\u00f6glicht dies uns, unsere Dienstleistungen in den ganzen Niederlanden und Deutschland anzubieten.<\/p>\n<p><strong>Handel mit Champost und Bodenverbesserern \/ Bettung<\/strong><br \/>\nBei der Firma Van Herwijnen Zaltbommel B.V. sind sowohl Firmen, als auch Privatkunden eingeladen, ihren Champost und diverse andere Bodenverbesserer zu bestellen. Es gibt sie in allen Mengen bestellbar. Unser umfangreiches Angebot finden Sie auf der Produktseite.<\/p>\n<p><strong>Export nach Deutschland<\/strong><br \/>\nBis zum 1. Januar 2006 war Champost nicht in der Minas-Deklaration enthalten und fiel unter die \u2018Entscheidung zu Sonstigen Organischen D\u00fcngemittel\u2019. In Br\u00fcssel wird dieser D\u00fcnger als Dung, statt als organischer D\u00fcnger behandelt, was Folgen hat. Seit die neuen Gesetze f\u00fcr D\u00fcngemittel seit 1. Januar 2006 gelten, wird Champost jetzt als ein Dung-D\u00fcnger behandelt. Dies bedeutet, dass der Stickstoffgehalt f\u00fcr den Koeffizienten f\u00fcr 25 Prozent im System f\u00fcr Verwendungsstandards und Phosphat f\u00fcr 100 Prozent steht. Seit 1. September 2008 gilt auch die besondere Verkehrskontrolle.<\/p>\n<p>Teils wegen diesen Entwicklungen haben wir unsere Dienstleistungen jetzt auf Deutschland und Belgien ausgeweitet, insbesondere im Bereich des Exports von Champost f\u00fcr die Intensivlandwirtschaft erweitert.<\/p>\n<\/div><\/section><\/div>\n","protected":false},"excerpt":{"rendered":"","protected":false},"author":3,"featured_media":0,"parent":0,"menu_order":0,"comment_status":"closed","ping_status":"closed","template":"","meta":{"footnotes":""},"class_list":["post-443","page","type-page","status-publish","hentry"],"_links":{"self":[{"href":"https:\/\/www.vanherwijnen-zaltbommel.nl\/de\/wp-json\/wp\/v2\/pages\/443","targetHints":{"allow":["GET"]}}],"collection":[{"href":"https:\/\/www.vanherwijnen-zaltbommel.nl\/de\/wp-json\/wp\/v2\/pages"}],"about":[{"href":"https:\/\/www.vanherwijnen-zaltbommel.nl\/de\/wp-json\/wp\/v2\/types\/page"}],"author":[{"embeddable":true,"href":"https:\/\/www.vanherwijnen-zaltbommel.nl\/de\/wp-json\/wp\/v2\/users\/3"}],"replies":[{"embeddable":true,"href":"https:\/\/www.vanherwijnen-zaltbommel.nl\/de\/wp-json\/wp\/v2\/comments?post=443"}],"version-history":[{"count":1,"href":"https:\/\/www.vanherwijnen-zaltbommel.nl\/de\/wp-json\/wp\/v2\/pages\/443\/revisions"}],"predecessor-version":[{"id":445,"href":"https:\/\/www.vanherwijnen-zaltbommel.nl\/de\/wp-json\/wp\/v2\/pages\/443\/revisions\/445"}],"wp:attachment":[{"href":"https:\/\/www.vanherwijnen-zaltbommel.nl\/de\/wp-json\/wp\/v2\/media?parent=443"}],"curies":[{"name":"wp","href":"https:\/\/api.w.org\/{rel}","templated":true}]}}