{"id":381,"date":"2016-03-17T15:30:38","date_gmt":"2016-03-17T14:30:38","guid":{"rendered":"https:\/\/www.vanherwijnen-zaltbommel.nl\/de\/?page_id=381"},"modified":"2016-03-17T15:33:20","modified_gmt":"2016-03-17T14:33:20","slug":"sand","status":"publish","type":"page","link":"https:\/\/www.vanherwijnen-zaltbommel.nl\/de\/producten\/sand\/","title":{"rendered":"Sand"},"content":{"rendered":"<div class=\"flex_column av_one_full  flex_column_div av-zero-column-padding first  \" style='border-radius:0px; '><section class=\"av_textblock_section \"  itemscope=\"itemscope\" itemtype=\"https:\/\/schema.org\/CreativeWork\" ><div class='avia_textblock  '   itemprop=\"text\" ><h2 style=\"text-align: justify;\">Sand\u00a0f\u00fcr jede Anwendung<\/h2>\n<\/div><\/section><\/div><div class=\"flex_column av_one_third  flex_column_div av-zero-column-padding first  \" style='border-radius:0px; '><div class='avia-image-container  av-styling-no-styling    avia-align-left '  itemprop=\"ImageObject\" itemscope=\"itemscope\" itemtype=\"https:\/\/schema.org\/ImageObject\"  ><div class='avia-image-container-inner'><a href='https:\/\/www.vanherwijnen-zaltbommel.nl\/wp-content\/uploads\/2016\/03\/zand1-1030x580.jpg' class='avia_image'  ><img class='avia_image ' src='https:\/\/www.vanherwijnen-zaltbommel.nl\/wp-content\/uploads\/2016\/03\/zand1.jpg' alt='zand' title='zand'  itemprop=\"thumbnailUrl\"  \/><\/a><\/div><\/div><\/div><\/p>\n<div class=\"flex_column av_two_third  flex_column_div av-zero-column-padding   \" style='border-radius:0px; '><section class=\"av_textblock_section \"  itemscope=\"itemscope\" itemtype=\"https:\/\/schema.org\/CreativeWork\" ><div class='avia_textblock  '   itemprop=\"text\" ><p>Wir liefern auch Sand f\u00fcr jede Anwendung, zum Beispiel als F\u00fcllsand, Brechsand, Entw\u00e4sserungssand, Betonsand. Bitte kontaktieren Sie uns, um alle M\u00f6glichkeiten zu erfahren.<\/p>\n<\/div><\/section><\/div>\n","protected":false},"excerpt":{"rendered":"","protected":false},"author":3,"featured_media":0,"parent":304,"menu_order":0,"comment_status":"closed","ping_status":"closed","template":"","meta":{"footnotes":""},"class_list":["post-381","page","type-page","status-publish","hentry"],"_links":{"self":[{"href":"https:\/\/www.vanherwijnen-zaltbommel.nl\/de\/wp-json\/wp\/v2\/pages\/381","targetHints":{"allow":["GET"]}}],"collection":[{"href":"https:\/\/www.vanherwijnen-zaltbommel.nl\/de\/wp-json\/wp\/v2\/pages"}],"about":[{"href":"https:\/\/www.vanherwijnen-zaltbommel.nl\/de\/wp-json\/wp\/v2\/types\/page"}],"author":[{"embeddable":true,"href":"https:\/\/www.vanherwijnen-zaltbommel.nl\/de\/wp-json\/wp\/v2\/users\/3"}],"replies":[{"embeddable":true,"href":"https:\/\/www.vanherwijnen-zaltbommel.nl\/de\/wp-json\/wp\/v2\/comments?post=381"}],"version-history":[{"count":4,"href":"https:\/\/www.vanherwijnen-zaltbommel.nl\/de\/wp-json\/wp\/v2\/pages\/381\/revisions"}],"predecessor-version":[{"id":385,"href":"https:\/\/www.vanherwijnen-zaltbommel.nl\/de\/wp-json\/wp\/v2\/pages\/381\/revisions\/385"}],"up":[{"embeddable":true,"href":"https:\/\/www.vanherwijnen-zaltbommel.nl\/de\/wp-json\/wp\/v2\/pages\/304"}],"wp:attachment":[{"href":"https:\/\/www.vanherwijnen-zaltbommel.nl\/de\/wp-json\/wp\/v2\/media?parent=381"}],"curies":[{"name":"wp","href":"https:\/\/api.w.org\/{rel}","templated":true}]}}