{"id":372,"date":"2016-03-17T14:38:42","date_gmt":"2016-03-17T13:38:42","guid":{"rendered":"https:\/\/www.vanherwijnen-zaltbommel.nl\/de\/?page_id=372"},"modified":"2016-03-17T15:00:26","modified_gmt":"2016-03-17T14:00:26","slug":"gartenboden","status":"publish","type":"page","link":"https:\/\/www.vanherwijnen-zaltbommel.nl\/de\/producten\/gartenboden\/","title":{"rendered":"Gartenboden"},"content":{"rendered":"<div class=\"flex_column av_one_full  flex_column_div av-zero-column-padding first  \" style='border-radius:0px; '><section class=\"av_textblock_section \"  itemscope=\"itemscope\" itemtype=\"https:\/\/schema.org\/CreativeWork\" ><div class='avia_textblock  '   itemprop=\"text\" ><h2>Gartenboden als Bodenverbesserer<\/h2>\n<\/div><\/section><\/div><div class=\"flex_column av_one_third  flex_column_div av-zero-column-padding first  \" style='border-radius:0px; '><div class='avia-image-container  av-styling-no-styling    avia-align-left '  itemprop=\"ImageObject\" itemscope=\"itemscope\" itemtype=\"https:\/\/schema.org\/ImageObject\"  ><div class='avia-image-container-inner'><a href='https:\/\/www.vanherwijnen-zaltbommel.nl\/wp-content\/uploads\/2016\/03\/tuinaarde-1030x773.jpg' class='avia_image'  ><img class='avia_image ' src='https:\/\/www.vanherwijnen-zaltbommel.nl\/wp-content\/uploads\/2016\/03\/tuinaarde.jpg' alt='tuinaarde' title='tuinaarde'  itemprop=\"thumbnailUrl\"  \/><\/a><\/div><\/div><\/div><\/p>\n<div class=\"flex_column av_two_third  flex_column_div av-zero-column-padding   \" style='border-radius:0px; '><section class=\"av_textblock_section \"  itemscope=\"itemscope\" itemtype=\"https:\/\/schema.org\/CreativeWork\" ><div class='avia_textblock  '   itemprop=\"text\" ><p>Ged\u00fcngte Gartenerde ist ein organischer Bodenverbesserer. Es ist ein Torf-<wbr \/>Produkt, mit zus\u00e4tzlichen nat\u00fcrlichen D\u00fcngern und Kalk. Gartenerde wird unter anderem f\u00fcr den Angleich und die Anhebung von Garten-<wbr \/>\u00a0und beispielsweise Blumenbeeten verwendet oder wenn Str\u00e4ucher und B\u00e4ume verwendet werden, um Pflanzl\u00f6cher zu f\u00fcllen. Auch beim F\u00fcllen von gro\u00dfen Blument\u00f6pfen wird oft Gartenerde verwendet.<\/p>\n<\/div><\/section><\/div>\n","protected":false},"excerpt":{"rendered":"","protected":false},"author":3,"featured_media":0,"parent":304,"menu_order":0,"comment_status":"closed","ping_status":"closed","template":"","meta":{"footnotes":""},"class_list":["post-372","page","type-page","status-publish","hentry"],"_links":{"self":[{"href":"https:\/\/www.vanherwijnen-zaltbommel.nl\/de\/wp-json\/wp\/v2\/pages\/372","targetHints":{"allow":["GET"]}}],"collection":[{"href":"https:\/\/www.vanherwijnen-zaltbommel.nl\/de\/wp-json\/wp\/v2\/pages"}],"about":[{"href":"https:\/\/www.vanherwijnen-zaltbommel.nl\/de\/wp-json\/wp\/v2\/types\/page"}],"author":[{"embeddable":true,"href":"https:\/\/www.vanherwijnen-zaltbommel.nl\/de\/wp-json\/wp\/v2\/users\/3"}],"replies":[{"embeddable":true,"href":"https:\/\/www.vanherwijnen-zaltbommel.nl\/de\/wp-json\/wp\/v2\/comments?post=372"}],"version-history":[{"count":3,"href":"https:\/\/www.vanherwijnen-zaltbommel.nl\/de\/wp-json\/wp\/v2\/pages\/372\/revisions"}],"predecessor-version":[{"id":375,"href":"https:\/\/www.vanherwijnen-zaltbommel.nl\/de\/wp-json\/wp\/v2\/pages\/372\/revisions\/375"}],"up":[{"embeddable":true,"href":"https:\/\/www.vanherwijnen-zaltbommel.nl\/de\/wp-json\/wp\/v2\/pages\/304"}],"wp:attachment":[{"href":"https:\/\/www.vanherwijnen-zaltbommel.nl\/de\/wp-json\/wp\/v2\/media?parent=372"}],"curies":[{"name":"wp","href":"https:\/\/api.w.org\/{rel}","templated":true}]}}