{"id":362,"date":"2016-03-17T14:16:34","date_gmt":"2016-03-17T13:16:34","guid":{"rendered":"https:\/\/www.vanherwijnen-zaltbommel.nl\/de\/?page_id=362"},"modified":"2016-03-17T14:20:31","modified_gmt":"2016-03-17T13:20:31","slug":"gartentorf","status":"publish","type":"page","link":"https:\/\/www.vanherwijnen-zaltbommel.nl\/de\/producten\/gartentorf\/","title":{"rendered":"Gartentorf"},"content":{"rendered":"<div class=\"flex_column av_one_full  flex_column_div av-zero-column-padding first  \" style='border-radius:0px; '><section class=\"av_textblock_section \"  itemscope=\"itemscope\" itemtype=\"https:\/\/schema.org\/CreativeWork\" ><div class='avia_textblock  '   itemprop=\"text\" ><h2>Gartentorf als Bodenverbesserer<\/h2>\n<\/div><\/section><\/div><div class=\"flex_column av_one_third  flex_column_div av-zero-column-padding first  \" style='border-radius:0px; '><div class='avia-image-container  av-styling-no-styling    avia-align-left '  itemprop=\"ImageObject\" itemscope=\"itemscope\" itemtype=\"https:\/\/schema.org\/ImageObject\"  ><div class='avia-image-container-inner'><a href='https:\/\/www.vanherwijnen-zaltbommel.nl\/wp-content\/uploads\/2016\/03\/tuinturf1-1030x580.jpg' class='avia_image'  ><img class='avia_image ' src='https:\/\/www.vanherwijnen-zaltbommel.nl\/wp-content\/uploads\/2016\/03\/tuinturf1.jpg' alt='tuinturf' title='tuinturf'  itemprop=\"thumbnailUrl\"  \/><\/a><\/div><\/div><\/div><\/p>\n<div class=\"flex_column av_two_third  flex_column_div av-zero-column-padding   \" style='border-radius:0px; '><section class=\"av_textblock_section \"  itemscope=\"itemscope\" itemtype=\"https:\/\/schema.org\/CreativeWork\" ><div class='avia_textblock  '   itemprop=\"text\" ><p style=\"text-align: justify;\">Gartentorf ist schwarzer Torf, der gefroren wurde; er wird haupts\u00e4chlich als Komponente in Blumenerden und verschiedenen Bodenverbesserungsmitteln genutzt, aber leistet tolle Arbeit als alleiniger Bodenverbesserer\/Bettung.<\/p>\n<\/div><\/section><\/div>\n<div class=\"flex_column av_one_full  flex_column_div av-zero-column-padding first  \" style='border-radius:0px; '><section class=\"av_textblock_section \"  itemscope=\"itemscope\" itemtype=\"https:\/\/schema.org\/CreativeWork\" ><div class='avia_textblock  '   itemprop=\"text\" ><p><strong>Merkmale Gartentorf:<\/strong><\/p>\n<ul>\n<li>Aufgrund des hohen Gehalts an organischer Materie wird die F\u00e4higkeit des Bodens, Feuchtigkeit und N\u00e4hrstoffe zu absorbieren, verbessert<\/li>\n<li>Niedriger pH-Wert von etwa 4<\/li>\n<\/ul>\n<p><strong>Anwendung von Gartentorf:<\/strong><\/p>\n<ul>\n<li>Mischen Sie ihn mit dem Boden um den Gehalt an organischer Substanz zu erh\u00f6hen, und das Feuchtigkeitsfassungsverm\u00f6gen zu steigern<\/li>\n<li>Ideal als Beigabe f\u00fcr Pflanzl\u00f6cher, sowohl pur als auch gemischt mit schwarzen B\u00f6den<\/li>\n<li>Ideal f\u00fcr S\u00e4ure-liebende Pflanzen aufgrund seines niedrigen pH-Wertes.<\/li>\n<\/ul>\n<\/div><\/section><\/div>\n","protected":false},"excerpt":{"rendered":"","protected":false},"author":3,"featured_media":0,"parent":304,"menu_order":0,"comment_status":"closed","ping_status":"closed","template":"","meta":{"footnotes":""},"class_list":["post-362","page","type-page","status-publish","hentry"],"_links":{"self":[{"href":"https:\/\/www.vanherwijnen-zaltbommel.nl\/de\/wp-json\/wp\/v2\/pages\/362","targetHints":{"allow":["GET"]}}],"collection":[{"href":"https:\/\/www.vanherwijnen-zaltbommel.nl\/de\/wp-json\/wp\/v2\/pages"}],"about":[{"href":"https:\/\/www.vanherwijnen-zaltbommel.nl\/de\/wp-json\/wp\/v2\/types\/page"}],"author":[{"embeddable":true,"href":"https:\/\/www.vanherwijnen-zaltbommel.nl\/de\/wp-json\/wp\/v2\/users\/3"}],"replies":[{"embeddable":true,"href":"https:\/\/www.vanherwijnen-zaltbommel.nl\/de\/wp-json\/wp\/v2\/comments?post=362"}],"version-history":[{"count":3,"href":"https:\/\/www.vanherwijnen-zaltbommel.nl\/de\/wp-json\/wp\/v2\/pages\/362\/revisions"}],"predecessor-version":[{"id":365,"href":"https:\/\/www.vanherwijnen-zaltbommel.nl\/de\/wp-json\/wp\/v2\/pages\/362\/revisions\/365"}],"up":[{"embeddable":true,"href":"https:\/\/www.vanherwijnen-zaltbommel.nl\/de\/wp-json\/wp\/v2\/pages\/304"}],"wp:attachment":[{"href":"https:\/\/www.vanherwijnen-zaltbommel.nl\/de\/wp-json\/wp\/v2\/media?parent=362"}],"curies":[{"name":"wp","href":"https:\/\/api.w.org\/{rel}","templated":true}]}}