{"id":357,"date":"2016-03-17T14:06:46","date_gmt":"2016-03-17T13:06:46","guid":{"rendered":"https:\/\/www.vanherwijnen-zaltbommel.nl\/de\/?page_id=357"},"modified":"2016-03-17T14:09:19","modified_gmt":"2016-03-17T13:09:19","slug":"stalldunger","status":"publish","type":"page","link":"https:\/\/www.vanherwijnen-zaltbommel.nl\/de\/producten\/stalldunger\/","title":{"rendered":"Stalld\u00fcnger"},"content":{"rendered":"<div class=\"flex_column av_one_full  flex_column_div av-zero-column-padding first  \" style='border-radius:0px; '><section class=\"av_textblock_section \"  itemscope=\"itemscope\" itemtype=\"https:\/\/schema.org\/CreativeWork\" ><div class='avia_textblock  '   itemprop=\"text\" ><h2>Stalld\u00fcnger als Bodenverbesserer<\/h2>\n<\/div><\/section><\/div><div class=\"flex_column av_one_third  flex_column_div av-zero-column-padding first  \" style='border-radius:0px; '><div class='avia-image-container  av-styling-no-styling    avia-align-left '  itemprop=\"ImageObject\" itemscope=\"itemscope\" itemtype=\"https:\/\/schema.org\/ImageObject\"  ><div class='avia-image-container-inner'><a href='https:\/\/www.vanherwijnen-zaltbommel.nl\/wp-content\/uploads\/2016\/03\/stalmest1-1030x773.jpg' class='avia_image'  ><img class='avia_image ' src='https:\/\/www.vanherwijnen-zaltbommel.nl\/wp-content\/uploads\/2016\/03\/stalmest1.jpg' alt='stalmest' title='stalmest'  itemprop=\"thumbnailUrl\"  \/><\/a><\/div><\/div><\/div><\/p>\n<div class=\"flex_column av_two_third  flex_column_div av-zero-column-padding   \" style='border-radius:0px; '><section class=\"av_textblock_section \"  itemscope=\"itemscope\" itemtype=\"https:\/\/schema.org\/CreativeWork\" ><div class='avia_textblock  '   itemprop=\"text\" ><p>Stalld\u00fcnger ist ein Tierprodukt. Dieses Produkt wird von uns als ein Rohmaterial, haupts\u00e4chlich in Bodenverbesserungsmitteln, verwendet. Jedoch k\u00f6nnen wir es als Endprodukt liefern, da es auch perfekt wie ein Bodenverbesserer ist.<\/p>\n<p>Die Lieferung wird ganz nach den Rechtsvorschriften und Anforderungen f\u00fcr tierische D\u00fcnger erfolgen, so dass er mit einem Transportdokument f\u00fcr tierische D\u00fcnger geliefert wird, und der Transport wird mit GPS und Probenahme\/Analyse stattfinden, wodurch Klarheit in der Frage nach transportierten Phosphat- und Stickstoffgehalten geschaffen wird.<\/p>\n<\/div><\/section><\/div>\n","protected":false},"excerpt":{"rendered":"","protected":false},"author":3,"featured_media":0,"parent":304,"menu_order":0,"comment_status":"closed","ping_status":"closed","template":"","meta":{"footnotes":""},"class_list":["post-357","page","type-page","status-publish","hentry"],"_links":{"self":[{"href":"https:\/\/www.vanherwijnen-zaltbommel.nl\/de\/wp-json\/wp\/v2\/pages\/357","targetHints":{"allow":["GET"]}}],"collection":[{"href":"https:\/\/www.vanherwijnen-zaltbommel.nl\/de\/wp-json\/wp\/v2\/pages"}],"about":[{"href":"https:\/\/www.vanherwijnen-zaltbommel.nl\/de\/wp-json\/wp\/v2\/types\/page"}],"author":[{"embeddable":true,"href":"https:\/\/www.vanherwijnen-zaltbommel.nl\/de\/wp-json\/wp\/v2\/users\/3"}],"replies":[{"embeddable":true,"href":"https:\/\/www.vanherwijnen-zaltbommel.nl\/de\/wp-json\/wp\/v2\/comments?post=357"}],"version-history":[{"count":4,"href":"https:\/\/www.vanherwijnen-zaltbommel.nl\/de\/wp-json\/wp\/v2\/pages\/357\/revisions"}],"predecessor-version":[{"id":361,"href":"https:\/\/www.vanherwijnen-zaltbommel.nl\/de\/wp-json\/wp\/v2\/pages\/357\/revisions\/361"}],"up":[{"embeddable":true,"href":"https:\/\/www.vanherwijnen-zaltbommel.nl\/de\/wp-json\/wp\/v2\/pages\/304"}],"wp:attachment":[{"href":"https:\/\/www.vanherwijnen-zaltbommel.nl\/de\/wp-json\/wp\/v2\/media?parent=357"}],"curies":[{"name":"wp","href":"https:\/\/api.w.org\/{rel}","templated":true}]}}