{"id":352,"date":"2016-03-17T13:59:08","date_gmt":"2016-03-17T12:59:08","guid":{"rendered":"https:\/\/www.vanherwijnen-zaltbommel.nl\/de\/?page_id=352"},"modified":"2016-03-17T14:05:10","modified_gmt":"2016-03-17T13:05:10","slug":"faserdunger","status":"publish","type":"page","link":"https:\/\/www.vanherwijnen-zaltbommel.nl\/de\/producten\/faserdunger\/","title":{"rendered":"Faserd\u00fcnger"},"content":{"rendered":"<div class=\"flex_column av_one_full  flex_column_div av-zero-column-padding first  \" style='border-radius:0px; '><section class=\"av_textblock_section \"  itemscope=\"itemscope\" itemtype=\"https:\/\/schema.org\/CreativeWork\" ><div class='avia_textblock  '   itemprop=\"text\" ><h2>Faserd\u00fcnger als Bodenverbesserer<\/h2>\n<\/div><\/section><\/div>\n<div class=\"flex_column av_one_full  flex_column_div av-zero-column-padding first  \" style='border-radius:0px; '><section class=\"av_textblock_section \"  itemscope=\"itemscope\" itemtype=\"https:\/\/schema.org\/CreativeWork\" ><div class='avia_textblock  '   itemprop=\"text\" ><p>Faserd\u00fcnger ist eine stark nachgefragte Mischung aus schwarzem Torf, Champost und altem, gemischten Stalld\u00fcnger. Andere kundenspezifische Mischungen k\u00f6nnen speziell angefertigt werden.<\/p>\n<p><strong>Eigenschaften von Fasernd\u00fcnger:<\/strong><\/p>\n<div id=\"list_662\" class=\"mom_list list-momizat-icon-18 \">\n<ul>\n<li>Verbesserung der Struktur der vorhandenen B\u00f6den<\/li>\n<li>Lieferung von N\u00e4hrstoffen und Hummus<\/li>\n<li>Bietet den Bodenorganismen eine funktionale Glasfaserstruktur<\/li>\n<li>Enth\u00e4lt einige Stickstoffe mit schneller, mittlerer und langsamer Freigabe (lange aktiv)<\/li>\n<\/ul>\n<\/div>\n<p>Standardanwendung betr\u00e4gt 1 oder 2 und max. 10m3 je 100m2 (Hektar). Lassen Sie das Material immer sich mit dem Boden (Mix) vermischen, so dass eine Pflanze nie direkt auf diesem D\u00fcnger steht. Ideal als ein Bodenverbesserer f\u00fcr, zum Beispiel, die Landschaftsgestaltung eines Gartens, Blumenbeete, Rasen oder ein Gem\u00fcsefeld.<\/p>\n<p>Faserd\u00fcnger werden getestet und f\u00fcr jede Lieferung von uns gewogen.<\/p>\n<\/div><\/section><\/div>\n","protected":false},"excerpt":{"rendered":"","protected":false},"author":3,"featured_media":0,"parent":304,"menu_order":0,"comment_status":"closed","ping_status":"closed","template":"","meta":{"footnotes":""},"class_list":["post-352","page","type-page","status-publish","hentry"],"_links":{"self":[{"href":"https:\/\/www.vanherwijnen-zaltbommel.nl\/de\/wp-json\/wp\/v2\/pages\/352","targetHints":{"allow":["GET"]}}],"collection":[{"href":"https:\/\/www.vanherwijnen-zaltbommel.nl\/de\/wp-json\/wp\/v2\/pages"}],"about":[{"href":"https:\/\/www.vanherwijnen-zaltbommel.nl\/de\/wp-json\/wp\/v2\/types\/page"}],"author":[{"embeddable":true,"href":"https:\/\/www.vanherwijnen-zaltbommel.nl\/de\/wp-json\/wp\/v2\/users\/3"}],"replies":[{"embeddable":true,"href":"https:\/\/www.vanherwijnen-zaltbommel.nl\/de\/wp-json\/wp\/v2\/comments?post=352"}],"version-history":[{"count":4,"href":"https:\/\/www.vanherwijnen-zaltbommel.nl\/de\/wp-json\/wp\/v2\/pages\/352\/revisions"}],"predecessor-version":[{"id":356,"href":"https:\/\/www.vanherwijnen-zaltbommel.nl\/de\/wp-json\/wp\/v2\/pages\/352\/revisions\/356"}],"up":[{"embeddable":true,"href":"https:\/\/www.vanherwijnen-zaltbommel.nl\/de\/wp-json\/wp\/v2\/pages\/304"}],"wp:attachment":[{"href":"https:\/\/www.vanherwijnen-zaltbommel.nl\/de\/wp-json\/wp\/v2\/media?parent=352"}],"curies":[{"name":"wp","href":"https:\/\/api.w.org\/{rel}","templated":true}]}}