{"id":332,"date":"2016-03-17T11:45:47","date_gmt":"2016-03-17T10:45:47","guid":{"rendered":"https:\/\/www.vanherwijnen-zaltbommel.nl\/de\/?page_id=332"},"modified":"2016-03-17T11:52:18","modified_gmt":"2016-03-17T10:52:18","slug":"pilzkompost","status":"publish","type":"page","link":"https:\/\/www.vanherwijnen-zaltbommel.nl\/de\/producten\/pilzkompost\/","title":{"rendered":"Pilzkompost"},"content":{"rendered":"<div class=\"flex_column av_one_full  flex_column_div av-zero-column-padding first  \" style='border-radius:0px; '><section class=\"av_textblock_section \"  itemscope=\"itemscope\" itemtype=\"https:\/\/schema.org\/CreativeWork\" ><div class='avia_textblock  '   itemprop=\"text\" ><h2 style=\"text-align: justify;\">Pilzkompost als Bodenverbesserer<\/h2>\n<\/div><\/section><\/div>\n<div class=\"flex_column av_two_third  flex_column_div av-zero-column-padding first  \" style='border-radius:0px; '><section class=\"av_textblock_section \"  itemscope=\"itemscope\" itemtype=\"https:\/\/schema.org\/CreativeWork\" ><div class='avia_textblock  '   itemprop=\"text\" ><p style=\"text-align: justify;\"><strong>Pilzkompost f\u00fcr Firmen und Einzelpersonen, auch erh\u00e4ltlich Big Bag<\/strong><br \/>\nPilzkompost ist das Endprodukt der Pilzzucht. Ein anderer Name w\u00e4re (fertiger) Pilzd\u00fcnger. Die Rohstoffe von Pilzkompost sind: Pferde- und H\u00fchnermist, Stroh, Kalzium, Torf und Kalk. Diese Rohstoffe sind 12 Wochen lang verarbeitet worden und sind daher zu einer homogenen Materie kompostiert. Mithilfe von Pilzkompost wird eine gro\u00dfe Menge an organischer Substanz zur Erde hinzugef\u00fcgt. Diese Materie hat einen positiven Einfluss auf die Struktur der Erde, sowie absorbierende Mineralien wie Ammonium, Kalzium und Magnesium. Pilzkompost ist leich zu verarbeiten und ein relativ g\u00fcnstiger Bodenverbesserer. Ideal f\u00fcr den Einsatz f\u00fcr Landwirtschafts-, Garten- und Landschaftsbau.<\/p>\n<\/div><\/section><\/div>\n<div class=\"flex_column av_one_third  flex_column_div av-zero-column-padding   \" style='border-radius:0px; '><div class='avia-image-container  av-styling-no-styling    avia-align-right '  itemprop=\"ImageObject\" itemscope=\"itemscope\" itemtype=\"https:\/\/schema.org\/ImageObject\"  ><div class='avia-image-container-inner'><a href='https:\/\/www.vanherwijnen-zaltbommel.nl\/wp-content\/uploads\/2016\/03\/champost-1030x686.jpg' class='avia_image'  ><img class='avia_image ' src='https:\/\/www.vanherwijnen-zaltbommel.nl\/wp-content\/uploads\/2016\/03\/champost.jpg' alt='champost' title='champost'  itemprop=\"thumbnailUrl\"  \/><\/a><\/div><\/div><\/div>\n<div class=\"flex_column av_one_third  flex_column_div av-zero-column-padding first  \" style='border-radius:0px; '><div class='avia-image-container  av-styling-no-styling    avia-align-left '  itemprop=\"ImageObject\" itemscope=\"itemscope\" itemtype=\"https:\/\/schema.org\/ImageObject\"  ><div class='avia-image-container-inner'><a href='https:\/\/www.vanherwijnen-zaltbommel.nl\/wp-content\/uploads\/2016\/03\/DSC_0080-1030x686.jpg' class='avia_image'  ><img class='avia_image ' src='https:\/\/www.vanherwijnen-zaltbommel.nl\/wp-content\/uploads\/2016\/03\/DSC_0080.jpg' alt='DSC_0080' title='DSC_0080'  itemprop=\"thumbnailUrl\"  \/><\/a><\/div><\/div><\/div>\n<div class=\"flex_column av_two_third  flex_column_div av-zero-column-padding   \" style='border-radius:0px; '><section class=\"av_textblock_section \"  itemscope=\"itemscope\" itemtype=\"https:\/\/schema.org\/CreativeWork\" ><div class='avia_textblock  '   itemprop=\"text\" ><p style=\"text-align: justify;\">Aufgrund der Durchsetzung der neuen D\u00fcngerregelung vom 1. Januar 2005 wird Pilzkompost jetzt als D\u00fcnger markiert. Dies bedeutet, dass der Stickstoffgehalt f\u00fcr den Koeffizienten f\u00fcr 25 Prozent im System f\u00fcr Verwendungsstandards und Phosphat f\u00fcr 100 Prozent steht. Da Pilzkompost unter die D\u00fcnger-Rechtsvorschriften f\u00e4llt, m\u00fcssen besondere D\u00fcnger-Dokumente (Vdm \u2013 \u2018Vervoersbewijs Dierlijke Meststoffen\u2019 Transportdokumente f\u00fcr D\u00fcnger) f\u00fcr jede gelieferte Ladung erstellt werden, um sicherzustellen, dass jeder Lieferant und K\u00e4ufer registriert ist. Die Verwendung von GPS, Probenahme und Analyse ist jedoch nicht erforderlich. Dies gilt nur f\u00fcr die \u00dcbermittlung an z.B. Einzelpersonen.<\/p>\n<\/div><\/section><\/div>\n<div style='height:20px' class='hr hr-invisible  '><span class='hr-inner ' ><span class='hr-inner-style'><\/span><\/span><\/div>\n<div class=\"flex_column av_two_third  flex_column_div av-zero-column-padding first  \" style='border-radius:0px; '><section class=\"av_textblock_section \"  itemscope=\"itemscope\" itemtype=\"https:\/\/schema.org\/CreativeWork\" ><div class='avia_textblock  '   itemprop=\"text\" ><p style=\"text-align: justify;\"><strong>Pauschale Konzentrationen Pilzkompost:<\/strong><\/p>\n<ul>\n<li>Phosphat: 4,1 kg pro Tonne Pilzkompost<\/li>\n<li><span style=\"text-align: justify;\">Stickstoff: 6,9 kg pro Tonne Pilzkompost<\/span><\/li>\n<\/ul>\n<p style=\"text-align: justify;\"><strong>Vorteile von Pilzkompost<\/strong><\/p>\n<ul>\n<li>Geringerer Stickstoff-Koeffizient als D\u00fcnger<\/li>\n<li><span style=\"text-align: justify;\">H\u00f6herer Gehalt an wirksamen organischen Stoffen als D\u00fcnger<\/span><\/li>\n<li><span style=\"text-align: justify;\">pH-Wert-Erh\u00f6hung f\u00fcr B\u00f6den mit einem niedrigen pH-Wert<\/span><\/li>\n<li><span style=\"text-align: justify;\">Kostet weniger als organische Abf\u00e4lle und gr\u00fcner Kompost<\/span><\/li>\n<\/ul>\n<\/div><\/section><\/div>\n","protected":false},"excerpt":{"rendered":"","protected":false},"author":3,"featured_media":0,"parent":304,"menu_order":0,"comment_status":"closed","ping_status":"closed","template":"","meta":{"footnotes":""},"class_list":["post-332","page","type-page","status-publish","hentry"],"_links":{"self":[{"href":"https:\/\/www.vanherwijnen-zaltbommel.nl\/de\/wp-json\/wp\/v2\/pages\/332","targetHints":{"allow":["GET"]}}],"collection":[{"href":"https:\/\/www.vanherwijnen-zaltbommel.nl\/de\/wp-json\/wp\/v2\/pages"}],"about":[{"href":"https:\/\/www.vanherwijnen-zaltbommel.nl\/de\/wp-json\/wp\/v2\/types\/page"}],"author":[{"embeddable":true,"href":"https:\/\/www.vanherwijnen-zaltbommel.nl\/de\/wp-json\/wp\/v2\/users\/3"}],"replies":[{"embeddable":true,"href":"https:\/\/www.vanherwijnen-zaltbommel.nl\/de\/wp-json\/wp\/v2\/comments?post=332"}],"version-history":[{"count":5,"href":"https:\/\/www.vanherwijnen-zaltbommel.nl\/de\/wp-json\/wp\/v2\/pages\/332\/revisions"}],"predecessor-version":[{"id":337,"href":"https:\/\/www.vanherwijnen-zaltbommel.nl\/de\/wp-json\/wp\/v2\/pages\/332\/revisions\/337"}],"up":[{"embeddable":true,"href":"https:\/\/www.vanherwijnen-zaltbommel.nl\/de\/wp-json\/wp\/v2\/pages\/304"}],"wp:attachment":[{"href":"https:\/\/www.vanherwijnen-zaltbommel.nl\/de\/wp-json\/wp\/v2\/media?parent=332"}],"curies":[{"name":"wp","href":"https:\/\/api.w.org\/{rel}","templated":true}]}}